{"id":332,"date":"2024-05-16T11:02:14","date_gmt":"2024-05-16T11:02:14","guid":{"rendered":"https:\/\/baschinger-nora.web.kslinz.at\/baschingern2024\/?page_id=332"},"modified":"2024-05-16T11:08:16","modified_gmt":"2024-05-16T11:08:16","slug":"datenschutzerklaerung","status":"publish","type":"page","link":"https:\/\/baschinger-nora.web.kslinz.at\/baschingern2024\/index.php\/datenschutzerklaerung\/","title":{"rendered":"Datenschutzerkl\u00e4rung"},"content":{"rendered":"\n<ul class=\"wp-block-list\">\n<li>Nora Baschinger<\/li>\n\n\n\n<li>Sch\u00fclerin<\/li>\n\n\n\n<li>05.08.2008<\/li>\n\n\n\n<li>BASCHINGER.Nora@hlw.kslinz.at<\/li>\n<\/ul>\n\n\n\n<p>Diese Website verwendet Cookies.<\/p>\n\n\n\n<p>Alle Bildrechte liegen bei der Administratorin dieser Website. Mit Wiederverwendung der Bilder machen sie sich strafbar.<\/p>\n\n\n\n<p><strong>Rechtsbehelfsbelehrung<\/strong>&nbsp;<\/p>\n\n\n\n<p>Ihnen stehen grunds\u00e4tzlich die Rechte auf Auskunft, Berichtigung, L\u00f6schung, Einschr\u00e4nkung, Daten\u00fcbertragbarkeit und Widerspruch zu. Daf\u00fcr wenden Sie sich an uns. Wenn Sie glauben, dass die Verarbeitung Ihrer Daten gegen das Datenschutzrecht verst\u00f6\u00dft oder Ihre datenschutzrechtlichen Anspr\u00fcche sonst in einer Weise verletzt worden sind, k\u00f6nnen Sie sich bei der Aufsichtsbeh\u00f6rde beschweren. In \u00d6sterreich ist die&nbsp;<a href=\"http:\/\/dsb.gv.at\/\" target=\"_blank\" rel=\"noreferrer noopener\">Datenschutzbeh\u00f6rde<\/a>&nbsp;zust\u00e4ndig.&nbsp;<\/p>\n","protected":false},"excerpt":{"rendered":"<p>Diese Website verwendet Cookies. Alle Bildrechte liegen bei der Administratorin dieser Website. Mit Wiederverwendung der Bilder machen sie sich strafbar. Rechtsbehelfsbelehrung&nbsp; Ihnen stehen grunds\u00e4tzlich die Rechte auf Auskunft, Berichtigung, L\u00f6schung, Einschr\u00e4nkung, Daten\u00fcbertragbarkeit und Widerspruch zu. Daf\u00fcr wenden Sie sich an uns. Wenn Sie glauben, dass die Verarbeitung Ihrer Daten gegen das Datenschutzrecht verst\u00f6\u00dft oder Ihre [&hellip;]<\/p>\n","protected":false},"author":1,"featured_media":0,"parent":0,"menu_order":0,"comment_status":"closed","ping_status":"closed","template":"","meta":{"_eb_attr":"","_uag_custom_page_level_css":"","footnotes":""},"class_list":["post-332","page","type-page","status-publish","hentry"],"uagb_featured_image_src":{"full":false,"thumbnail":false,"medium":false,"medium_large":false,"large":false,"1536x1536":false,"2048x2048":false},"uagb_author_info":{"display_name":"admin","author_link":"https:\/\/baschinger-nora.web.kslinz.at\/baschingern2024\/index.php\/author\/baschinger-norahlw-kslinz-at\/"},"uagb_comment_info":0,"uagb_excerpt":"Diese Website verwendet Cookies. Alle Bildrechte liegen bei der Administratorin dieser Website. Mit Wiederverwendung der Bilder machen sie sich strafbar. Rechtsbehelfsbelehrung&nbsp; Ihnen stehen grunds\u00e4tzlich die Rechte auf Auskunft, Berichtigung, L\u00f6schung, Einschr\u00e4nkung, Daten\u00fcbertragbarkeit und Widerspruch zu. Daf\u00fcr wenden Sie sich an uns. Wenn Sie glauben, dass die Verarbeitung Ihrer Daten gegen das Datenschutzrecht verst\u00f6\u00dft oder Ihre&hellip;","_links":{"self":[{"href":"https:\/\/baschinger-nora.web.kslinz.at\/baschingern2024\/index.php\/wp-json\/wp\/v2\/pages\/332","targetHints":{"allow":["GET"]}}],"collection":[{"href":"https:\/\/baschinger-nora.web.kslinz.at\/baschingern2024\/index.php\/wp-json\/wp\/v2\/pages"}],"about":[{"href":"https:\/\/baschinger-nora.web.kslinz.at\/baschingern2024\/index.php\/wp-json\/wp\/v2\/types\/page"}],"author":[{"embeddable":true,"href":"https:\/\/baschinger-nora.web.kslinz.at\/baschingern2024\/index.php\/wp-json\/wp\/v2\/users\/1"}],"replies":[{"embeddable":true,"href":"https:\/\/baschinger-nora.web.kslinz.at\/baschingern2024\/index.php\/wp-json\/wp\/v2\/comments?post=332"}],"version-history":[{"count":1,"href":"https:\/\/baschinger-nora.web.kslinz.at\/baschingern2024\/index.php\/wp-json\/wp\/v2\/pages\/332\/revisions"}],"predecessor-version":[{"id":333,"href":"https:\/\/baschinger-nora.web.kslinz.at\/baschingern2024\/index.php\/wp-json\/wp\/v2\/pages\/332\/revisions\/333"}],"wp:attachment":[{"href":"https:\/\/baschinger-nora.web.kslinz.at\/baschingern2024\/index.php\/wp-json\/wp\/v2\/media?parent=332"}],"curies":[{"name":"wp","href":"https:\/\/api.w.org\/{rel}","templated":true}]}}